{"id":263,"date":"2025-09-12T10:55:59","date_gmt":"2025-09-12T08:55:59","guid":{"rendered":"https:\/\/railfix.cz\/products\/automatic-rail-lubrication-device\/"},"modified":"2025-09-18T14:56:20","modified_gmt":"2025-09-18T12:56:20","slug":"automatic-rail-lubrication-device","status":"publish","type":"page","link":"https:\/\/railfix.cz\/en\/products\/automatic-rail-lubrication-device\/","title":{"rendered":"Automatic rail lubrication device"},"content":{"rendered":"<p>[et_pb_section fb_built=&#8221;1&#8243; admin_label=&#8221;Header&#8221; _builder_version=&#8221;4.27.4&#8243; _module_preset=&#8221;default&#8221; use_background_color_gradient=&#8221;on&#8221; background_color_gradient_direction=&#8221;90deg&#8221; background_color_gradient_stops=&#8221;#f4f4f4 40%|#ffffff 40%&#8221; custom_padding=&#8221;18px||19px|||&#8221; animation_style=&#8221;flip&#8221; background_last_edited=&#8221;on|tablet&#8221; background_color_gradient_direction_tablet=&#8221;180deg&#8221; collapsed=&#8221;on&#8221; global_colors_info=&#8221;{%22gcid-a674551e-c023-4666-82b8-b7448e713885%22:%91%22background_color_gradient_stops%22%93}&#8221; theme_builder_area=&#8221;post_content&#8221;][et_pb_row column_structure=&#8221;1_2,1_2&#8243; _builder_version=&#8221;4.25.0&#8243; _module_preset=&#8221;default&#8221; max_width=&#8221;1280px&#8221; global_colors_info=&#8221;{}&#8221; theme_builder_area=&#8221;post_content&#8221;][et_pb_column type=&#8221;1_2&#8243; _builder_version=&#8221;4.25.0&#8243; _module_preset=&#8221;default&#8221; global_colors_info=&#8221;{}&#8221; theme_builder_area=&#8221;post_content&#8221;][et_pb_image src=&#8221;https:\/\/railfix.cz\/wp-content\/uploads\/2025\/09\/maznik.jpg&#8221; title_text=&#8221;OLYMPUS DIGITAL CAMERA&#8221; disabled_on=&#8221;off|off|off&#8221; _builder_version=&#8221;4.27.4&#8243; _module_preset=&#8221;default&#8221; max_height_tablet=&#8221;400px&#8221; max_height_phone=&#8221;400px&#8221; max_height_last_edited=&#8221;on|tablet&#8221; border_radii=&#8221;on|6px|6px|6px|6px&#8221; locked=&#8221;off&#8221; global_colors_info=&#8221;{}&#8221; theme_builder_area=&#8221;post_content&#8221;][\/et_pb_image][\/et_pb_column][et_pb_column type=&#8221;1_2&#8243; _builder_version=&#8221;4.25.0&#8243; _module_preset=&#8221;default&#8221; custom_padding=&#8221;60px||60px||true|false&#8221; custom_padding_tablet=&#8221;0px||0px||true|false&#8221; custom_padding_phone=&#8221;0px||0px||true|false&#8221; custom_padding_last_edited=&#8221;on|desktop&#8221; global_colors_info=&#8221;{}&#8221; theme_builder_area=&#8221;post_content&#8221;][et_pb_heading title=&#8221;Automatic Rail Lubrication System&#8221; _builder_version=&#8221;4.27.4&#8243; _module_preset=&#8221;bcb563fc-3ec4-4717-94cd-bbf9e7e9883d&#8221; custom_margin=&#8221;6px||30px||false|false&#8221; locked=&#8221;off&#8221; global_colors_info=&#8221;{}&#8221; theme_builder_area=&#8221;post_content&#8221;][\/et_pb_heading][et_pb_text _builder_version=&#8221;4.27.4&#8243; _module_preset=&#8221;default&#8221; custom_margin=&#8221;19px|||||&#8221; global_colors_info=&#8221;{}&#8221; theme_builder_area=&#8221;post_content&#8221;]<\/p>\n<p style=\"text-align: justify;\">Automatick\u00e9 kolejov\u00e9 mazac\u00ed za\u0159\u00edzen\u00ed INT S12 je specifick\u00e1 sada technick\u00fdch komponent\u016f ur\u010den\u00e1 pro maz\u00e1n\u00ed kolejov\u00fdch oblouk\u016f, sestavena z elektrotechnick\u00e9 a hydraulick\u00e9 \u010d\u00e1sti.<span class=\"Apple-converted-space\"> <\/span><\/p>\n<p>[\/et_pb_text][et_pb_text _builder_version=&#8221;4.27.4&#8243; _module_preset=&#8221;default&#8221; global_colors_info=&#8221;{}&#8221; theme_builder_area=&#8221;post_content&#8221;][\/et_pb_text][\/et_pb_column][\/et_pb_row][\/et_pb_section][et_pb_section fb_built=&#8221;1&#8243; admin_label=&#8221;Work Experience&#8221; _builder_version=&#8221;4.25.0&#8243; _module_preset=&#8221;default&#8221; custom_padding=&#8221;||16px|||&#8221; locked=&#8221;off&#8221; collapsed=&#8221;on&#8221; global_colors_info=&#8221;{}&#8221; theme_builder_area=&#8221;post_content&#8221;][et_pb_row _builder_version=&#8221;4.27.4&#8243; _module_preset=&#8221;default&#8221; max_width=&#8221;1280px&#8221; animation_style=&#8221;fade&#8221; global_colors_info=&#8221;{}&#8221; theme_builder_area=&#8221;post_content&#8221;][et_pb_column type=&#8221;4_4&#8243; _builder_version=&#8221;4.25.0&#8243; _module_preset=&#8221;default&#8221; global_colors_info=&#8221;{}&#8221; theme_builder_area=&#8221;post_content&#8221;][et_pb_heading title=&#8221;Futher informations&#8221; _builder_version=&#8221;4.27.4&#8243; _module_preset=&#8221;8edc1799-5715-4582-9daa-7d7590e372a6&#8243; global_colors_info=&#8221;{}&#8221; theme_builder_area=&#8221;post_content&#8221;][\/et_pb_heading][\/et_pb_column][\/et_pb_row][et_pb_row _builder_version=&#8221;4.27.4&#8243; _module_preset=&#8221;default&#8221; max_width=&#8221;1280px&#8221; animation_style=&#8221;fade&#8221; global_colors_info=&#8221;{}&#8221; theme_builder_area=&#8221;post_content&#8221;][et_pb_column type=&#8221;4_4&#8243; _builder_version=&#8221;4.25.0&#8243; _module_preset=&#8221;default&#8221; global_colors_info=&#8221;{}&#8221; theme_builder_area=&#8221;post_content&#8221;][et_pb_text quote_border_color=&#8221;#16264a&#8221; _builder_version=&#8221;4.27.4&#8243; _module_preset=&#8221;2f7d2ce0-e9bc-4c5f-a660-320bfaba88d0&#8243; link_text_color=&#8221;#16264a&#8221; custom_margin=&#8221;||35px|||&#8221; global_colors_info=&#8221;{}&#8221; theme_builder_area=&#8221;post_content&#8221;]<\/p>\n<p style=\"text-align: justify;\">The INT S12 photovoltaic lubrication device applies INTLUBE ECO biodegradable lubricant to the rails according to a preset time cycle. The entire system is monitored by specially developed software with a map of the city via GPRS.<\/p>\n<p style=\"text-align: justify;\">The INT S12 system significantly reduces the coefficient of friction between the wheel and the rail, thereby reducing wear on the track and vehicle undercarriage The device also reduces the noise generated at the point of contact between the wheel and the rail when a tram or train passes.<\/p>\n<p>[\/et_pb_text][\/et_pb_column][\/et_pb_row][et_pb_row column_structure=&#8221;1_2,1_2&#8243; _builder_version=&#8221;4.27.4&#8243; _module_preset=&#8221;default&#8221; max_width=&#8221;1280px&#8221; animation_style=&#8221;fade&#8221; global_colors_info=&#8221;{}&#8221; theme_builder_area=&#8221;post_content&#8221;][et_pb_column type=&#8221;1_2&#8243; _builder_version=&#8221;4.25.0&#8243; _module_preset=&#8221;default&#8221; global_colors_info=&#8221;{}&#8221; theme_builder_area=&#8221;post_content&#8221;][et_pb_image src=&#8221;https:\/\/railfix.cz\/wp-content\/uploads\/2025\/09\/maznik.png&#8221; title_text=&#8221;maznik&#8221; _builder_version=&#8221;4.27.4&#8243; _module_preset=&#8221;default&#8221; width=&#8221;100%&#8221; global_colors_info=&#8221;{}&#8221; theme_builder_area=&#8221;post_content&#8221;][\/et_pb_image][\/et_pb_column][et_pb_column type=&#8221;1_2&#8243; _builder_version=&#8221;4.25.0&#8243; _module_preset=&#8221;default&#8221; global_colors_info=&#8221;{}&#8221; theme_builder_area=&#8221;post_content&#8221;][et_pb_text quote_border_color=&#8221;#16264a&#8221; _builder_version=&#8221;4.27.4&#8243; _module_preset=&#8221;2f7d2ce0-e9bc-4c5f-a660-320bfaba88d0&#8243; link_text_color=&#8221;#16264a&#8221; custom_margin=&#8221;||35px|||&#8221; global_colors_info=&#8221;{}&#8221; theme_builder_area=&#8221;post_content&#8221;]<\/p>\n<h4><span>Key features:<\/span><\/h4>\n<ul>\n<li>Energy independence<\/li>\n<li>Fully photovoltaic power supply system with backup battery<\/li>\n<li>Remote monitoring of individual stations with web interface<\/li>\n<li>Monitoring of lubricant quantity and service interventions in the device<\/li>\n<li>Remote station deactivation, setting of lubricant dose cycles from a central center, smartphone, or tablet<\/li>\n<li>Communication with central management via GPRS network<\/li>\n<\/ul>\n<p>[\/et_pb_text][\/et_pb_column][\/et_pb_row][et_pb_row _builder_version=&#8221;4.27.4&#8243; _module_preset=&#8221;default&#8221; max_width=&#8221;1280px&#8221; animation_style=&#8221;fade&#8221; global_colors_info=&#8221;{}&#8221; theme_builder_area=&#8221;post_content&#8221;][et_pb_column type=&#8221;4_4&#8243; _builder_version=&#8221;4.25.0&#8243; _module_preset=&#8221;default&#8221; global_colors_info=&#8221;{}&#8221; theme_builder_area=&#8221;post_content&#8221;][et_pb_heading title=&#8221;INTLUBE ECO&#8221; _builder_version=&#8221;4.27.4&#8243; _module_preset=&#8221;8edc1799-5715-4582-9daa-7d7590e372a6&#8243; global_colors_info=&#8221;{}&#8221; theme_builder_area=&#8221;post_content&#8221;][\/et_pb_heading][et_pb_text quote_border_color=&#8221;#16264a&#8221; _builder_version=&#8221;4.27.4&#8243; _module_preset=&#8221;2f7d2ce0-e9bc-4c5f-a660-320bfaba88d0&#8243; link_text_color=&#8221;#16264a&#8221; custom_margin=&#8221;||35px|||&#8221; global_colors_info=&#8221;{}&#8221; theme_builder_area=&#8221;post_content&#8221;]<\/p>\n<p>The non-toxic, biodegradable INTLUBE ECO plastic lubricant based on refined vegetable oils is 90% biodegradable. It is suitable for lubricating contact surfaces in rail transport, rolling bearings, sliding bearings in the automotive industry, mobile mechanisms and machines, wheel hub bearings, electric motors, and more.<\/p>\n<p>[\/et_pb_text][\/et_pb_column][\/et_pb_row][et_pb_row _builder_version=&#8221;4.27.4&#8243; _module_preset=&#8221;default&#8221; max_width=&#8221;1280px&#8221; global_colors_info=&#8221;{}&#8221; theme_builder_area=&#8221;post_content&#8221;][et_pb_column type=&#8221;4_4&#8243; _builder_version=&#8221;4.27.4&#8243; _module_preset=&#8221;default&#8221; global_colors_info=&#8221;{}&#8221; theme_builder_area=&#8221;post_content&#8221;][et_pb_gallery gallery_ids=&#8221;264,265,266&#8243; posts_number=&#8221;3&#8243; orientation=&#8221;portrait&#8221; show_title_and_caption=&#8221;off&#8221; show_pagination=&#8221;off&#8221; _builder_version=&#8221;4.27.4&#8243; _module_preset=&#8221;default&#8221; module_alignment=&#8221;center&#8221; global_colors_info=&#8221;{}&#8221; theme_builder_area=&#8221;post_content&#8221;][\/et_pb_gallery][\/et_pb_column][\/et_pb_row][\/et_pb_section][et_pb_section fb_built=&#8221;1&#8243; admin_label=&#8221;Header&#8221; _builder_version=&#8221;4.27.4&#8243; _module_preset=&#8221;default&#8221; custom_padding=&#8221;28px|||||&#8221; animation_style=&#8221;slide&#8221; animation_direction=&#8221;left&#8221; collapsed=&#8221;on&#8221; global_colors_info=&#8221;{}&#8221; theme_builder_area=&#8221;post_content&#8221;][et_pb_row _builder_version=&#8221;4.27.4&#8243; _module_preset=&#8221;default&#8221; max_width=&#8221;1280px&#8221; animation_style=&#8221;fade&#8221; global_colors_info=&#8221;{}&#8221; theme_builder_area=&#8221;post_content&#8221;][et_pb_column type=&#8221;4_4&#8243; _builder_version=&#8221;4.25.0&#8243; _module_preset=&#8221;default&#8221; global_colors_info=&#8221;{}&#8221; theme_builder_area=&#8221;post_content&#8221;][et_pb_heading title=&#8221;Monitoring application&#8221; _builder_version=&#8221;4.27.4&#8243; _module_preset=&#8221;8edc1799-5715-4582-9daa-7d7590e372a6&#8243; global_colors_info=&#8221;{}&#8221; theme_builder_area=&#8221;post_content&#8221;][\/et_pb_heading][\/et_pb_column][\/et_pb_row][et_pb_row column_structure=&#8221;2_5,3_5&#8243; _builder_version=&#8221;4.27.4&#8243; _module_preset=&#8221;default&#8221; max_width=&#8221;1280px&#8221; animation_style=&#8221;fade&#8221; global_colors_info=&#8221;{}&#8221; theme_builder_area=&#8221;post_content&#8221;][et_pb_column type=&#8221;2_5&#8243; _builder_version=&#8221;4.25.0&#8243; _module_preset=&#8221;default&#8221; global_colors_info=&#8221;{}&#8221; theme_builder_area=&#8221;post_content&#8221;][et_pb_text quote_border_color=&#8221;#16264a&#8221; _builder_version=&#8221;4.27.4&#8243; _module_preset=&#8221;2f7d2ce0-e9bc-4c5f-a660-320bfaba88d0&#8243; link_text_color=&#8221;#16264a&#8221; custom_margin=&#8221;||35px|||&#8221; global_colors_info=&#8221;{}&#8221; theme_builder_area=&#8221;post_content&#8221;]<\/p>\n<ul>\n<li>Web platform accessible from anywhere in the world.<\/li>\n<li>For desktop PCs, Android, and Apple OS.<\/li>\n<li>Display of individual stations on a city map with real-time monitoring of status and alerts when service is required.<\/li>\n<li>Easy remote deactivation of stations from the context menu that appears when selecting a lubrication unit on the map.<\/li>\n<li>Administrator\/user mode with the option to set maintenance permissions for individual users.<\/li>\n<li>Reports, analyses of lubricant consumption and service frequency for individual stations. Data is archived on the server for later processing.<\/li>\n<\/ul>\n<p>[\/et_pb_text][\/et_pb_column][et_pb_column type=&#8221;3_5&#8243; _builder_version=&#8221;4.25.0&#8243; _module_preset=&#8221;default&#8221; global_colors_info=&#8221;{}&#8221; theme_builder_area=&#8221;post_content&#8221;][et_pb_image src=&#8221;https:\/\/railfix.cz\/wp-content\/uploads\/2025\/09\/mapa_s12.png&#8221; title_text=&#8221;mapa_s12&#8243; _builder_version=&#8221;4.27.4&#8243; _module_preset=&#8221;default&#8221; global_colors_info=&#8221;{}&#8221; theme_builder_area=&#8221;post_content&#8221;][\/et_pb_image][\/et_pb_column][\/et_pb_row][\/et_pb_section]<\/p>\n","protected":false},"excerpt":{"rendered":"<p>Automatick\u00e9 kolejov\u00e9 mazac\u00ed za\u0159\u00edzen\u00ed INT S12 je specifick\u00e1 sada technick\u00fdch komponent\u016f ur\u010den\u00e1 pro maz\u00e1n\u00ed kolejov\u00fdch oblouk\u016f, sestavena z elektrotechnick\u00e9 a hydraulick\u00e9 \u010d\u00e1sti. The INT S12 photovoltaic lubrication device applies INTLUBE ECO biodegradable lubricant to the rails according to a preset time cycle. The entire system is monitored by specially developed software with a map of [&hellip;]<\/p>\n","protected":false},"author":2,"featured_media":0,"parent":219,"menu_order":0,"comment_status":"closed","ping_status":"closed","template":"","meta":{"_et_pb_use_builder":"on","_et_pb_old_content":"","_et_gb_content_width":"","footnotes":""},"class_list":["post-263","page","type-page","status-publish","hentry"],"_links":{"self":[{"href":"https:\/\/railfix.cz\/en\/wp-json\/wp\/v2\/pages\/263","targetHints":{"allow":["GET"]}}],"collection":[{"href":"https:\/\/railfix.cz\/en\/wp-json\/wp\/v2\/pages"}],"about":[{"href":"https:\/\/railfix.cz\/en\/wp-json\/wp\/v2\/types\/page"}],"author":[{"embeddable":true,"href":"https:\/\/railfix.cz\/en\/wp-json\/wp\/v2\/users\/2"}],"replies":[{"embeddable":true,"href":"https:\/\/railfix.cz\/en\/wp-json\/wp\/v2\/comments?post=263"}],"version-history":[{"count":3,"href":"https:\/\/railfix.cz\/en\/wp-json\/wp\/v2\/pages\/263\/revisions"}],"predecessor-version":[{"id":269,"href":"https:\/\/railfix.cz\/en\/wp-json\/wp\/v2\/pages\/263\/revisions\/269"}],"up":[{"embeddable":true,"href":"https:\/\/railfix.cz\/en\/wp-json\/wp\/v2\/pages\/219"}],"wp:attachment":[{"href":"https:\/\/railfix.cz\/en\/wp-json\/wp\/v2\/media?parent=263"}],"curies":[{"name":"wp","href":"https:\/\/api.w.org\/{rel}","templated":true}]}}