{"id":252,"date":"2025-09-12T10:55:38","date_gmt":"2025-09-12T08:55:38","guid":{"rendered":"https:\/\/railfix.cz\/products\/low-noise-barrier\/"},"modified":"2025-09-18T14:47:56","modified_gmt":"2025-09-18T12:47:56","slug":"low-noise-barrier","status":"publish","type":"page","link":"https:\/\/railfix.cz\/en\/products\/low-noise-barrier\/","title":{"rendered":"low noise barrier"},"content":{"rendered":"<p>[et_pb_section fb_built=&#8221;1&#8243; admin_label=&#8221;Header&#8221; _builder_version=&#8221;4.27.4&#8243; _module_preset=&#8221;default&#8221; use_background_color_gradient=&#8221;on&#8221; background_color_gradient_direction=&#8221;90deg&#8221; background_color_gradient_stops=&#8221;#f4f4f4 40%|#ffffff 40%&#8221; custom_padding=&#8221;18px||19px|||&#8221; animation_style=&#8221;flip&#8221; background_last_edited=&#8221;on|tablet&#8221; background_color_gradient_direction_tablet=&#8221;180deg&#8221; collapsed=&#8221;on&#8221; global_colors_info=&#8221;{%22gcid-a674551e-c023-4666-82b8-b7448e713885%22:%91%22background_color_gradient_stops%22%93}&#8221;][et_pb_row column_structure=&#8221;1_2,1_2&#8243; _builder_version=&#8221;4.25.0&#8243; _module_preset=&#8221;default&#8221; max_width=&#8221;1280px&#8221; global_colors_info=&#8221;{}&#8221;][et_pb_column type=&#8221;1_2&#8243; _builder_version=&#8221;4.25.0&#8243; _module_preset=&#8221;default&#8221; global_colors_info=&#8221;{}&#8221;][et_pb_image src=&#8221;https:\/\/railfix.cz\/wp-content\/uploads\/2025\/09\/npc-1.png&#8221; title_text=&#8221;npc&#8221; disabled_on=&#8221;off|off|off&#8221; _builder_version=&#8221;4.22.2&#8243; _module_preset=&#8221;default&#8221; max_height_tablet=&#8221;400px&#8221; max_height_phone=&#8221;400px&#8221; max_height_last_edited=&#8221;on|tablet&#8221; border_radii=&#8221;on|6px|6px|6px|6px&#8221; locked=&#8221;off&#8221; global_colors_info=&#8221;{}&#8221;][\/et_pb_image][\/et_pb_column][et_pb_column type=&#8221;1_2&#8243; _builder_version=&#8221;4.25.0&#8243; _module_preset=&#8221;default&#8221; custom_padding=&#8221;60px||60px||true|false&#8221; custom_padding_tablet=&#8221;0px||0px||true|false&#8221; custom_padding_phone=&#8221;0px||0px||true|false&#8221; custom_padding_last_edited=&#8221;on|desktop&#8221; global_colors_info=&#8221;{}&#8221;][et_pb_heading title=&#8221;low noise barrier&#8221; _builder_version=&#8221;4.27.4&#8243; _module_preset=&#8221;fe10b47f-958c-4480-843a-174b607d272a&#8221; custom_margin=&#8221;48px||30px||false|false&#8221; locked=&#8221;off&#8221; global_colors_info=&#8221;{}&#8221;][\/et_pb_heading][et_pb_text _builder_version=&#8221;4.22.2&#8243; _module_preset=&#8221;default&#8221; custom_margin=&#8221;19px|||||&#8221; global_colors_info=&#8221;{}&#8221;]<\/p>\n<p style=\"text-align: justify;\">The modular elements of the low noise barrier are used to reduce noise from tram tracks.<span class=\"Apple-converted-space\">  <\/span>The individual modular elements of the low noise barrier are laid on a 4\/8 gravel bed as tightly as possible within the passage cross-section in accordance with applicable standards.<\/p>\n<p style=\"text-align: justify;\">A test section of the low noise barrier was implemented in September 2020 in Ostrava at the Moravsk\u00e1 stop, covering a 70 m length of tram track.<span class=\"Apple-converted-space\">  <\/span>Preliminary noise measurements showed a noise reduction of 6 dB.<\/p>\n<p>[\/et_pb_text][et_pb_text _builder_version=&#8221;4.27.4&#8243; _module_preset=&#8221;default&#8221; global_colors_info=&#8221;{}&#8221;][\/et_pb_text][\/et_pb_column][\/et_pb_row][\/et_pb_section][et_pb_section fb_built=&#8221;1&#8243; admin_label=&#8221;Work Experience&#8221; _builder_version=&#8221;4.25.0&#8243; _module_preset=&#8221;default&#8221; locked=&#8221;off&#8221; collapsed=&#8221;on&#8221; global_colors_info=&#8221;{}&#8221;][et_pb_row _builder_version=&#8221;4.27.4&#8243; _module_preset=&#8221;default&#8221; background_color=&#8221;#f4f4f4&#8243; max_width=&#8221;1280px&#8221; border_radii=&#8221;off||6px|6px|&#8221; box_shadow_style=&#8221;preset4&#8243; box_shadow_horizontal=&#8221;-30vw&#8221; box_shadow_vertical=&#8221;0px&#8221; box_shadow_color=&#8221;#f4f4f4&#8243; global_colors_info=&#8221;{}&#8221;][et_pb_column type=&#8221;4_4&#8243; _builder_version=&#8221;4.25.0&#8243; _module_preset=&#8221;default&#8221; global_colors_info=&#8221;{}&#8221;][et_pb_heading title=&#8221;Variant L&#8221; _builder_version=&#8221;4.27.4&#8243; _module_preset=&#8221;2a1e003f-7326-4e8c-9474-1cf956bd08eb&#8221; title_text_color=&#8221;#000000&#8243; title_font_size=&#8221;52px&#8221; global_colors_info=&#8221;{}&#8221;][\/et_pb_heading][\/et_pb_column][\/et_pb_row][et_pb_row _builder_version=&#8221;4.27.4&#8243; _module_preset=&#8221;default&#8221; max_width=&#8221;1280px&#8221; animation_style=&#8221;fade&#8221; global_colors_info=&#8221;{}&#8221;][et_pb_column type=&#8221;4_4&#8243; _builder_version=&#8221;4.25.0&#8243; _module_preset=&#8221;default&#8221; global_colors_info=&#8221;{}&#8221;][et_pb_text _builder_version=&#8221;4.22.2&#8243; _module_preset=&#8221;default&#8221; global_colors_info=&#8221;{}&#8221;]<\/p>\n<p style=\"text-align: justify;\"><span>The basic L-shaped concrete elements are covered with an absorbent layer of recycled rubber facing the track. The screen is greened with Demmer rock cress from the tram track towards the residential buildings so that it blends in with the surroundings and does not disturb with its concrete appearance. Z\u00e1kladn\u00ed betonov\u00e9 prvky tvaru L jsou opat\u0159eny pohltivou vrstvou z recyklovan\u00e9 pry\u017ee sm\u011brem do trat\u011b. Clona je ozelen\u011bna Skaln\u00edkem Demmerov\u00fdm od tramvajov\u00e9 trat\u011b sm\u011brem k obytn\u00fdm dom\u016fm, tak aby splynula s okol\u00edm a neru\u0161ila sv\u00fdm betonov\u00fdm vzhledem. <\/span><span class=\"Apple-converted-space\"> <\/span><\/p>\n<p>[\/et_pb_text][et_pb_image src=&#8221;https:\/\/railfix.cz\/wp-content\/uploads\/2025\/09\/varianta_l.png&#8221; _builder_version=&#8221;4.22.2&#8243; _module_preset=&#8221;default&#8221; title_text=&#8221;varianta_l&#8221; hover_enabled=&#8221;0&#8243; sticky_enabled=&#8221;0&#8243; width=&#8221;69%&#8221; module_alignment=&#8221;center&#8221;][\/et_pb_image][\/et_pb_column][\/et_pb_row][\/et_pb_section][et_pb_section fb_built=&#8221;1&#8243; admin_label=&#8221;Work Experience&#8221; _builder_version=&#8221;4.25.0&#8243; _module_preset=&#8221;default&#8221; locked=&#8221;off&#8221; collapsed=&#8221;on&#8221; global_colors_info=&#8221;{}&#8221;][et_pb_row _builder_version=&#8221;4.27.4&#8243; _module_preset=&#8221;default&#8221; background_color=&#8221;#f4f4f4&#8243; max_width=&#8221;1280px&#8221; border_radii=&#8221;off||6px|6px|&#8221; box_shadow_style=&#8221;preset4&#8243; box_shadow_horizontal=&#8221;-30vw&#8221; box_shadow_vertical=&#8221;0px&#8221; box_shadow_color=&#8221;#f4f4f4&#8243; global_colors_info=&#8221;{}&#8221;][et_pb_column type=&#8221;4_4&#8243; _builder_version=&#8221;4.25.0&#8243; _module_preset=&#8221;default&#8221; global_colors_info=&#8221;{}&#8221;][et_pb_heading title=&#8221;Variant T&#8221; _builder_version=&#8221;4.27.4&#8243; _module_preset=&#8221;2a1e003f-7326-4e8c-9474-1cf956bd08eb&#8221; title_text_color=&#8221;#000000&#8243; title_font_size=&#8221;52px&#8221; global_colors_info=&#8221;{}&#8221;][\/et_pb_heading][\/et_pb_column][\/et_pb_row][et_pb_row _builder_version=&#8221;4.27.4&#8243; _module_preset=&#8221;default&#8221; max_width=&#8221;1280px&#8221; animation_style=&#8221;fade&#8221; global_colors_info=&#8221;{}&#8221;][et_pb_column type=&#8221;4_4&#8243; _builder_version=&#8221;4.25.0&#8243; _module_preset=&#8221;default&#8221; global_colors_info=&#8221;{}&#8221;][et_pb_text _builder_version=&#8221;4.22.2&#8243; _module_preset=&#8221;default&#8221; global_colors_info=&#8221;{}&#8221;]<\/p>\n<p style=\"text-align: justify;\"><span>The T-shaped LNB is assembled from three prefabricated elements that together form an inverted T. The self-supporting absorbent panel made of recycled rubber is mounted in concrete L-profiles and mechanically connected with stainless steel elements. The rear side is greened with Alpine rock cress facing the residential buildings. <\/span><span class=\"Apple-converted-space\"> <\/span><\/p>\n<p>[\/et_pb_text][\/et_pb_column][\/et_pb_row][et_pb_row _builder_version=&#8221;4.27.4&#8243; _module_preset=&#8221;default&#8221; max_width=&#8221;1280px&#8221; global_colors_info=&#8221;{}&#8221; theme_builder_area=&#8221;post_content&#8221;][et_pb_column type=&#8221;4_4&#8243; _builder_version=&#8221;4.27.4&#8243; _module_preset=&#8221;default&#8221; global_colors_info=&#8221;{}&#8221; theme_builder_area=&#8221;post_content&#8221;][et_pb_image src=&#8221;https:\/\/railfix.cz\/wp-content\/uploads\/2025\/09\/varianta_t.png&#8221; _builder_version=&#8221;4.22.2&#8243; _module_preset=&#8221;default&#8221; title_text=&#8221;varianta_t&#8221; hover_enabled=&#8221;0&#8243; sticky_enabled=&#8221;0&#8243; width=&#8221;69%&#8221; module_alignment=&#8221;center&#8221; theme_builder_area=&#8221;post_content&#8221;][\/et_pb_image][et_pb_divider _builder_version=&#8221;4.22.2&#8243; _module_preset=&#8221;default&#8221; theme_builder_area=&#8221;post_content&#8221; hover_enabled=&#8221;0&#8243; sticky_enabled=&#8221;0&#8243;][\/et_pb_divider][et_pb_gallery gallery_ids=&#8221;253,254,255,256,257,258,259&#8243; posts_number=&#8221;20&#8243; show_title_and_caption=&#8221;off&#8221; show_pagination=&#8221;off&#8221; _builder_version=&#8221;4.22.2&#8243; _module_preset=&#8221;default&#8221; hover_enabled=&#8221;0&#8243; global_colors_info=&#8221;{}&#8221; theme_builder_area=&#8221;post_content&#8221; sticky_enabled=&#8221;0&#8243;][\/et_pb_gallery][\/et_pb_column][\/et_pb_row][\/et_pb_section]<\/p>\n","protected":false},"excerpt":{"rendered":"<p>The modular elements of the low noise barrier are used to reduce noise from tram tracks. The individual modular elements of the low noise barrier are laid on a 4\/8 gravel bed as tightly as possible within the passage cross-section in accordance with applicable standards. A test section of the low noise barrier was implemented [&hellip;]<\/p>\n","protected":false},"author":2,"featured_media":0,"parent":219,"menu_order":0,"comment_status":"closed","ping_status":"closed","template":"","meta":{"_et_pb_use_builder":"on","_et_pb_old_content":"","_et_gb_content_width":"","footnotes":""},"class_list":["post-252","page","type-page","status-publish","hentry"],"_links":{"self":[{"href":"https:\/\/railfix.cz\/en\/wp-json\/wp\/v2\/pages\/252","targetHints":{"allow":["GET"]}}],"collection":[{"href":"https:\/\/railfix.cz\/en\/wp-json\/wp\/v2\/pages"}],"about":[{"href":"https:\/\/railfix.cz\/en\/wp-json\/wp\/v2\/types\/page"}],"author":[{"embeddable":true,"href":"https:\/\/railfix.cz\/en\/wp-json\/wp\/v2\/users\/2"}],"replies":[{"embeddable":true,"href":"https:\/\/railfix.cz\/en\/wp-json\/wp\/v2\/comments?post=252"}],"version-history":[{"count":3,"href":"https:\/\/railfix.cz\/en\/wp-json\/wp\/v2\/pages\/252\/revisions"}],"predecessor-version":[{"id":262,"href":"https:\/\/railfix.cz\/en\/wp-json\/wp\/v2\/pages\/252\/revisions\/262"}],"up":[{"embeddable":true,"href":"https:\/\/railfix.cz\/en\/wp-json\/wp\/v2\/pages\/219"}],"wp:attachment":[{"href":"https:\/\/railfix.cz\/en\/wp-json\/wp\/v2\/media?parent=252"}],"curies":[{"name":"wp","href":"https:\/\/api.w.org\/{rel}","templated":true}]}}