{"id":226,"date":"2025-09-12T10:54:36","date_gmt":"2025-09-12T08:54:36","guid":{"rendered":"https:\/\/railfix.cz\/contact\/"},"modified":"2025-09-18T13:59:16","modified_gmt":"2025-09-18T11:59:16","slug":"contact","status":"publish","type":"page","link":"https:\/\/railfix.cz\/en\/contact\/","title":{"rendered":"Contact"},"content":{"rendered":"<p>[et_pb_section fb_built=&#8221;1&#8243; admin_label=&#8221;Header&#8221; _builder_version=&#8221;4.27.4&#8243; background_enable_image=&#8221;off&#8221; background_size=&#8221;initial&#8221; background_repeat=&#8221;repeat&#8221; global_colors_info=&#8221;{}&#8221;][et_pb_row _builder_version=&#8221;4.27.4&#8243; max_width=&#8221;1280px&#8221; use_custom_width=&#8221;on&#8221; width_unit=&#8221;off&#8221; custom_width_percent=&#8221;100%&#8221; locked=&#8221;off&#8221; global_colors_info=&#8221;{}&#8221;][et_pb_column type=&#8221;4_4&#8243; _builder_version=&#8221;4.16&#8243; custom_padding=&#8221;|||&#8221; global_colors_info=&#8221;{}&#8221; custom_padding__hover=&#8221;|||&#8221;][et_pb_text _builder_version=&#8221;4.27.4&#8243; text_font=&#8221;||||||||&#8221; header_3_font=&#8221;&#8211;et_global_body_font||||||||&#8221; header_3_text_align=&#8221;left&#8221; header_3_font_size=&#8221;40px&#8221; header_3_line_height=&#8221;1.3em&#8221; transform_translate_linked=&#8221;off&#8221; max_width=&#8221;100%&#8221; max_width_tablet=&#8221;70%&#8221; max_width_last_edited=&#8221;off|phone&#8221; header_3_font_size_tablet=&#8221;40px&#8221; header_3_font_size_phone=&#8221;35px&#8221; header_3_font_size_last_edited=&#8221;on|phone&#8221; global_colors_info=&#8221;{}&#8221;]<\/p>\n<h3>Contact<\/h3>\n<p>[\/et_pb_text][\/et_pb_column][\/et_pb_row][et_pb_row column_structure=&#8221;1_3,1_3,1_3&#8243; _builder_version=&#8221;4.27.4&#8243; max_width=&#8221;1280px&#8221; use_custom_width=&#8221;on&#8221; width_unit=&#8221;off&#8221; custom_width_percent=&#8221;100%&#8221; locked=&#8221;off&#8221; global_colors_info=&#8221;{}&#8221;][et_pb_column type=&#8221;1_3&#8243; _builder_version=&#8221;4.16&#8243; custom_padding=&#8221;|||&#8221; global_colors_info=&#8221;{}&#8221; custom_padding__hover=&#8221;|||&#8221;][et_pb_text _builder_version=&#8221;4.22.2&#8243; text_font=&#8221;||||||||&#8221; text_line_height=&#8221;2em&#8221; link_font=&#8221;||||on||||&#8221; link_text_color=&#8221;#666666&#8243; header_font=&#8221;||||||||&#8221; header_text_align=&#8221;left&#8221; header_3_font=&#8221;|700||on|||||&#8221; header_3_font_size=&#8221;12px&#8221; header_3_letter_spacing=&#8221;4px&#8221; header_3_line_height=&#8221;1.8em&#8221; max_width_tablet=&#8221;70%&#8221; max_width_last_edited=&#8221;off|phone&#8221; animation_style=&#8221;zoom&#8221; animation_intensity_zoom=&#8221;5%&#8221; hover_enabled=&#8221;0&#8243; header_3_font_size_last_edited=&#8221;off|desktop&#8221; global_colors_info=&#8221;{}&#8221; sticky_enabled=&#8221;0&#8243;]<\/p>\n<h3>Luk\u00e1\u0161 Iwkowicz<\/h3>\n<p>Sales Technical Representative<\/p>\n<p>mobile: +420 602 501 072<\/p>\n<p><a href=\"mailto:lukas.iwkowicz@intertechplus.cz\">iwkowicz@<\/a><a href=\"mailto:mandelicek@intertechplus.cz\">railfix.cz<\/a><a href=\"mailto:lukas.iwkowicz@intertechplus.cz\"><\/a><\/p>\n<p>[\/et_pb_text][\/et_pb_column][et_pb_column type=&#8221;1_3&#8243; _builder_version=&#8221;4.27.4&#8243; _module_preset=&#8221;default&#8221; global_colors_info=&#8221;{}&#8221;][et_pb_text _builder_version=&#8221;4.22.2&#8243; text_font=&#8221;||||||||&#8221; text_line_height=&#8221;2em&#8221; link_font=&#8221;||||on||||&#8221; link_text_color=&#8221;#666666&#8243; header_font=&#8221;||||||||&#8221; header_text_align=&#8221;left&#8221; header_3_font=&#8221;|700||on|||||&#8221; header_3_font_size=&#8221;12px&#8221; header_3_letter_spacing=&#8221;4px&#8221; header_3_line_height=&#8221;1.8em&#8221; max_width_tablet=&#8221;70%&#8221; max_width_last_edited=&#8221;off|phone&#8221; animation_style=&#8221;zoom&#8221; animation_intensity_zoom=&#8221;5%&#8221; header_3_font_size_last_edited=&#8221;off|desktop&#8221; global_colors_info=&#8221;{}&#8221;]<\/p>\n<h3>Ji\u0159\u00ed Czepa<\/h3>\n<p>CEO<\/p>\n<p><span>+420 515 538 571<\/span><\/p>\n<p><span style=\"text-decoration: underline;\">czepa@railfix.cz<\/span><\/p>\n<p>[\/et_pb_text][\/et_pb_column][et_pb_column type=&#8221;1_3&#8243; _builder_version=&#8221;4.16&#8243; custom_padding=&#8221;|||&#8221; global_colors_info=&#8221;{}&#8221; custom_padding__hover=&#8221;|||&#8221;][et_pb_text _builder_version=&#8221;4.22.2&#8243; text_font=&#8221;||||||||&#8221; text_line_height=&#8221;2em&#8221; link_font=&#8221;||||on||||&#8221; link_text_color=&#8221;#666666&#8243; header_font=&#8221;||||||||&#8221; header_text_align=&#8221;left&#8221; header_3_font=&#8221;|700||on|||||&#8221; header_3_font_size=&#8221;12px&#8221; header_3_letter_spacing=&#8221;4px&#8221; header_3_line_height=&#8221;1.8em&#8221; max_width_tablet=&#8221;70%&#8221; max_width_last_edited=&#8221;off|phone&#8221; animation_style=&#8221;zoom&#8221; animation_intensity_zoom=&#8221;5%&#8221; header_3_font_size_last_edited=&#8221;off|desktop&#8221; global_colors_info=&#8221;{}&#8221;]<\/p>\n<h3>David Mandel\u00ed\u010dek<\/h3>\n<p>COO<\/p>\n<p><span>+420 604 250 481<\/span><\/p>\n<p><a href=\"mailto:mandelicek@intertechplus.cz\">mandelicek@railfix.cz<\/a><\/p>\n<p>[\/et_pb_text][\/et_pb_column][\/et_pb_row][et_pb_row column_structure=&#8221;1_3,1_3,1_3&#8243; _builder_version=&#8221;4.27.4&#8243; max_width=&#8221;1280px&#8221; use_custom_width=&#8221;on&#8221; width_unit=&#8221;off&#8221; custom_width_percent=&#8221;100%&#8221; locked=&#8221;off&#8221; global_colors_info=&#8221;{}&#8221;][et_pb_column type=&#8221;1_3&#8243; _builder_version=&#8221;4.16&#8243; custom_padding=&#8221;|||&#8221; global_colors_info=&#8221;{}&#8221; custom_padding__hover=&#8221;|||&#8221;][et_pb_text _builder_version=&#8221;4.22.2&#8243; text_font=&#8221;||||||||&#8221; text_line_height=&#8221;2em&#8221; link_font=&#8221;||||on||||&#8221; link_text_color=&#8221;#666666&#8243; header_font=&#8221;||||||||&#8221; header_text_align=&#8221;left&#8221; header_3_font=&#8221;|700||on|||||&#8221; header_3_font_size=&#8221;12px&#8221; header_3_letter_spacing=&#8221;4px&#8221; header_3_line_height=&#8221;1.8em&#8221; max_width_tablet=&#8221;70%&#8221; max_width_last_edited=&#8221;off|phone&#8221; animation_style=&#8221;zoom&#8221; animation_intensity_zoom=&#8221;5%&#8221; header_3_font_size_last_edited=&#8221;off|desktop&#8221; global_colors_info=&#8221;{}&#8221;]<\/p>\n<h3>Martin Labuda<\/h3>\n<p>Construction Coordinator<\/p>\n<p><span>+420 776 882 834<\/span><\/p>\n<p><a href=\"mailto:mandelicek@intertechplus.cz\">labuda@railfix.cz<\/a><\/p>\n<p>[\/et_pb_text][\/et_pb_column][et_pb_column type=&#8221;1_3&#8243; _builder_version=&#8221;4.27.4&#8243; _module_preset=&#8221;default&#8221; global_colors_info=&#8221;{}&#8221;][et_pb_text _builder_version=&#8221;4.22.2&#8243; text_font=&#8221;||||||||&#8221; text_line_height=&#8221;2em&#8221; link_font=&#8221;||||on||||&#8221; link_text_color=&#8221;#666666&#8243; header_font=&#8221;||||||||&#8221; header_text_align=&#8221;left&#8221; header_3_font=&#8221;|700||on|||||&#8221; header_3_font_size=&#8221;12px&#8221; header_3_letter_spacing=&#8221;4px&#8221; header_3_line_height=&#8221;1.8em&#8221; max_width_tablet=&#8221;70%&#8221; max_width_last_edited=&#8221;off|phone&#8221; animation_style=&#8221;zoom&#8221; animation_intensity_zoom=&#8221;5%&#8221; header_3_font_size_last_edited=&#8221;off|desktop&#8221; global_colors_info=&#8221;{}&#8221;]<\/p>\n<h3>Drahom\u00edra Jake\u0161ov\u00e1<\/h3>\n<p>Chief Economist<\/p>\n<p>mobile: +420 775 133 692<\/p>\n<p><a href=\"mailto:drahomira.jakesova@intertechplus.cz\">jakesova@<\/a><a href=\"mailto:mandelicek@intertechplus.cz\">railfix.cz<\/a><a href=\"mailto:drahomira.jakesova@intertechplus.cz\"><\/a><\/p>\n<p>&nbsp;<\/p>\n<p>[\/et_pb_text][\/et_pb_column][et_pb_column type=&#8221;1_3&#8243; _builder_version=&#8221;4.16&#8243; custom_padding=&#8221;|||&#8221; global_colors_info=&#8221;{}&#8221; custom_padding__hover=&#8221;|||&#8221;][et_pb_text _builder_version=&#8221;4.22.2&#8243; text_font=&#8221;||||||||&#8221; text_line_height=&#8221;2em&#8221; link_font=&#8221;||||on||||&#8221; link_text_color=&#8221;#666666&#8243; header_font=&#8221;||||||||&#8221; header_text_align=&#8221;left&#8221; header_3_font=&#8221;|700||on|||||&#8221; header_3_font_size=&#8221;12px&#8221; header_3_letter_spacing=&#8221;4px&#8221; header_3_line_height=&#8221;1.8em&#8221; max_width_tablet=&#8221;70%&#8221; max_width_last_edited=&#8221;off|phone&#8221; animation_style=&#8221;zoom&#8221; animation_intensity_zoom=&#8221;5%&#8221; header_3_font_size_last_edited=&#8221;off|desktop&#8221; global_colors_info=&#8221;{}&#8221;]<\/p>\n<h3>Marie P\u0159ikrylov\u00e1<\/h3>\n<p>Economist<\/p>\n<p>mobile: +420 727 926 385<\/p>\n<p><a href=\"mailto:marie.prikrylova@intertechplus.cz\">prikrylova@<\/a><a href=\"mailto:mandelicek@intertechplus.cz\">railfix.cz<\/a><a href=\"mailto:marie.prikrylova@intertechplus.cz\"><\/a><\/p>\n<p>&nbsp;<\/p>\n<p>[\/et_pb_text][\/et_pb_column][\/et_pb_row][et_pb_row _builder_version=&#8221;4.27.4&#8243; max_width=&#8221;1280px&#8221; use_custom_width=&#8221;on&#8221; width_unit=&#8221;off&#8221; custom_width_percent=&#8221;100%&#8221; locked=&#8221;off&#8221; global_colors_info=&#8221;{}&#8221;][et_pb_column type=&#8221;4_4&#8243; _builder_version=&#8221;4.16&#8243; custom_padding=&#8221;|||&#8221; global_colors_info=&#8221;{}&#8221; custom_padding__hover=&#8221;|||&#8221;][et_pb_text _builder_version=&#8221;4.27.4&#8243; text_font=&#8221;||||||||&#8221; header_3_font=&#8221;&#8211;et_global_body_font||||||||&#8221; header_3_text_align=&#8221;left&#8221; header_3_font_size=&#8221;40px&#8221; header_3_line_height=&#8221;1.3em&#8221; transform_translate_linked=&#8221;off&#8221; max_width=&#8221;100%&#8221; max_width_tablet=&#8221;70%&#8221; max_width_last_edited=&#8221;off|phone&#8221; header_3_font_size_tablet=&#8221;40px&#8221; header_3_font_size_phone=&#8221;35px&#8221; header_3_font_size_last_edited=&#8221;on|phone&#8221; global_colors_info=&#8221;{}&#8221;]<\/p>\n<h3>Additional Information<\/h3>\n<p>[\/et_pb_text][\/et_pb_column][\/et_pb_row][et_pb_row column_structure=&#8221;1_3,1_3,1_3&#8243; _builder_version=&#8221;4.27.4&#8243; max_width=&#8221;1280px&#8221; use_custom_width=&#8221;on&#8221; width_unit=&#8221;off&#8221; custom_width_percent=&#8221;100%&#8221; locked=&#8221;off&#8221; global_colors_info=&#8221;{}&#8221;][et_pb_column type=&#8221;1_3&#8243; _builder_version=&#8221;4.16&#8243; custom_padding=&#8221;|||&#8221; global_colors_info=&#8221;{}&#8221; custom_padding__hover=&#8221;|||&#8221;][et_pb_text _builder_version=&#8221;4.27.4&#8243; text_font=&#8221;||||||||&#8221; text_line_height=&#8221;2em&#8221; link_font=&#8221;||||on||||&#8221; link_text_color=&#8221;#666666&#8243; header_font=&#8221;||||||||&#8221; header_text_align=&#8221;left&#8221; header_3_font=&#8221;|700||on|||||&#8221; header_3_font_size=&#8221;12px&#8221; header_3_letter_spacing=&#8221;4px&#8221; header_3_line_height=&#8221;1.8em&#8221; max_width_tablet=&#8221;70%&#8221; max_width_last_edited=&#8221;off|phone&#8221; animation_style=&#8221;zoom&#8221; animation_intensity_zoom=&#8221;5%&#8221; header_3_font_size_last_edited=&#8221;off|desktop&#8221; global_colors_info=&#8221;{}&#8221;]<\/p>\n<h3>Opening Hours<\/h3>\n<p>Monday &#8211; Friday<br \/>7:00 AM &#8211; 3:00 PM<\/p>\n<p>[\/et_pb_text][\/et_pb_column][et_pb_column type=&#8221;1_3&#8243; _builder_version=&#8221;4.27.4&#8243; _module_preset=&#8221;default&#8221; global_colors_info=&#8221;{}&#8221;][et_pb_text _builder_version=&#8221;4.27.4&#8243; text_font=&#8221;||||||||&#8221; text_line_height=&#8221;2em&#8221; link_font=&#8221;||||on||||&#8221; link_text_color=&#8221;#666666&#8243; header_font=&#8221;||||||||&#8221; header_text_align=&#8221;left&#8221; header_3_font=&#8221;|700||on|||||&#8221; header_3_font_size=&#8221;12px&#8221; header_3_letter_spacing=&#8221;4px&#8221; header_3_line_height=&#8221;1.8em&#8221; max_width_tablet=&#8221;70%&#8221; max_width_last_edited=&#8221;off|phone&#8221; animation_style=&#8221;zoom&#8221; animation_intensity_zoom=&#8221;5%&#8221; header_3_font_size_last_edited=&#8221;off|desktop&#8221; global_colors_info=&#8221;{}&#8221;]<\/p>\n<h3>Business Location<\/h3>\n<p>V\u0161echovick\u00e1 22<br \/>Dr\u00e1sov, 664 24<\/p>\n<p>[\/et_pb_text][\/et_pb_column][et_pb_column type=&#8221;1_3&#8243; _builder_version=&#8221;4.16&#8243; custom_padding=&#8221;|||&#8221; global_colors_info=&#8221;{}&#8221; custom_padding__hover=&#8221;|||&#8221;][et_pb_text _builder_version=&#8221;4.22.2&#8243; text_font=&#8221;||||||||&#8221; text_line_height=&#8221;2em&#8221; link_font=&#8221;||||on||||&#8221; link_text_color=&#8221;#666666&#8243; header_font=&#8221;||||||||&#8221; header_text_align=&#8221;left&#8221; header_3_font=&#8221;|700||on|||||&#8221; header_3_font_size=&#8221;12px&#8221; header_3_letter_spacing=&#8221;4px&#8221; header_3_line_height=&#8221;1.8em&#8221; max_width_tablet=&#8221;70%&#8221; max_width_last_edited=&#8221;off|phone&#8221; animation_style=&#8221;zoom&#8221; animation_intensity_zoom=&#8221;5%&#8221; header_3_font_size_last_edited=&#8221;off|desktop&#8221; global_colors_info=&#8221;{}&#8221;]<\/p>\n<h3>Billing Information<\/h3>\n<p>Railfix s.r.o.<br \/>V\u0161echovick\u00e1 22, Dr\u00e1sov 664 24<br \/>VAT ID: CZ<span>25301055<\/span><br \/>Company ID: <span>25301055<\/span><\/p>\n<p>[\/et_pb_text][\/et_pb_column][\/et_pb_row][\/et_pb_section]<\/p>\n","protected":false},"excerpt":{"rendered":"<p>ContactLuk\u00e1\u0161 Iwkowicz Sales Technical Representative mobile: +420 602 501 072 iwkowicz@railfix.czJi\u0159\u00ed Czepa CEO +420 515 538 571 czepa@railfix.czDavid Mandel\u00ed\u010dek COO +420 604 250 481 mandelicek@railfix.czMartin Labuda Construction Coordinator +420 776 882 834 labuda@railfix.czDrahom\u00edra Jake\u0161ov\u00e1 Chief Economist mobile: +420 775 133 692 jakesova@railfix.cz &nbsp;Marie P\u0159ikrylov\u00e1 Economist mobile: +420 727 926 385 prikrylova@railfix.cz &nbsp;Additional InformationOpening Hours Monday [&hellip;]<\/p>\n","protected":false},"author":2,"featured_media":0,"parent":0,"menu_order":0,"comment_status":"closed","ping_status":"closed","template":"","meta":{"_et_pb_use_builder":"on","_et_pb_old_content":"","_et_gb_content_width":"","footnotes":""},"class_list":["post-226","page","type-page","status-publish","hentry"],"_links":{"self":[{"href":"https:\/\/railfix.cz\/en\/wp-json\/wp\/v2\/pages\/226","targetHints":{"allow":["GET"]}}],"collection":[{"href":"https:\/\/railfix.cz\/en\/wp-json\/wp\/v2\/pages"}],"about":[{"href":"https:\/\/railfix.cz\/en\/wp-json\/wp\/v2\/types\/page"}],"author":[{"embeddable":true,"href":"https:\/\/railfix.cz\/en\/wp-json\/wp\/v2\/users\/2"}],"replies":[{"embeddable":true,"href":"https:\/\/railfix.cz\/en\/wp-json\/wp\/v2\/comments?post=226"}],"version-history":[{"count":2,"href":"https:\/\/railfix.cz\/en\/wp-json\/wp\/v2\/pages\/226\/revisions"}],"predecessor-version":[{"id":228,"href":"https:\/\/railfix.cz\/en\/wp-json\/wp\/v2\/pages\/226\/revisions\/228"}],"wp:attachment":[{"href":"https:\/\/railfix.cz\/en\/wp-json\/wp\/v2\/media?parent=226"}],"curies":[{"name":"wp","href":"https:\/\/api.w.org\/{rel}","templated":true}]}}